{"id":2878,"date":"2020-10-03T07:37:30","date_gmt":"2020-10-03T07:37:30","guid":{"rendered":"https:\/\/key2eternity.net\/?post_type=product&#038;p=2878"},"modified":"2022-11-08T07:55:46","modified_gmt":"2022-11-08T07:55:46","slug":"ark-of-the-covenant","status":"publish","type":"product","link":"https:\/\/key2eternity.com\/zh_cn\/product\/ark-of-the-covenant\/","title":{"rendered":"\u7ea6\u67dc"},"content":{"rendered":"","protected":false},"excerpt":{"rendered":"<p>\u7ea6\u67dc\uff08\u5e0c\u4f2f\u6765\u8bed\uff1a\u05d0\u05b8\u05e8\u05d5\u05b9\u05df \u05d4\u05b8\u05d1\u05b0\u05bc\u05e8\u05b4\u05d9\u05ea\u200e\u200e\u3001\u0100r\u014dn H\u0101br\u012bt\uff09\uff0c\u53c8\u79f0\u201c\u6cd5\u67dc\u201d\uff0c\u662f\u53e4\u4ee3\u4ee5\u8272\u5217\u6c11\u65cf\u7684\u5723\u7269\uff0c\u201c\u7ea6\u201d\u662f\u6307\u4e0a\u5e1d\u8ddf\u4ee5\u8272\u5217\u4eba\u6240\u8ba2\u7acb\u7684\u5951\u7ea6\uff0c\u800c\u7ea6\u67dc\u5c31\u662f\u653e\u7f6e\u4e86\u4e0a\u5e1d\u4e0e\u4ee5\u8272\u5217\u4eba\u6240\u7acb\u7684\u5951\u7ea6\u7684\u67dc\u3002\u8fd9\u4efd\u5951\u7ea6\uff0c\u662f\u6307\u7531\u5148\u77e5\u6469\u897f\u5728\u897f\u5948\u5c71\u4e0a\u4ece\u4e0a\u5e1d\u8036\u548c\u534e\u5f97\u6765\u7684\u4e24\u5757\u5341\u8beb\u77f3\u677f\u3002<br \/>\n\u7ea6\u67dc\u662f\u4e00\u4e2a\u91cc\u5916\u7528\u91d1\u5305\u88f9\u7684\u7682\u835a\u6728\u9020\u7684\u67dc\u5b50\uff0c\u91cc\u9762\u653e\u7740\u523b\u4e86\u5341\u8beb\u7684\u4e24\u5757\u77f3\u5934\u677f\u5b50\u3001\u4e00\u6839\u6469\u897f\u7684\u54e5\u54e5\u4e9a\u4f26\u66fe\u7ecf\u7528\u8fc7\u7684\u53d1\u82bd\u7684\u624b\u6756\u3001\u4e00\u4e2a\u7528\u91d1\u5b50\u4f5c\u6210\u7684\u7f50\u5b50\uff0c\u91cc\u9762\u88c5\u7740\u9884\u8868\u57fa\u7763\u7684\u9690\u85cf\u7684\u5417\u54ea\u3002\u5728\u67dc\u5b50\u7684\u4e0a\u9762\u6709\u4e24\u5c0a\u7528\u9ec4\u91d1\u6253\u9020\u7684\u5929\u4f7f\u2014\u2014\u57fa\u8def\u4f2f\uff0c\u8fd9\u4e24\u5c0a\u5929\u4f7f\u9762\u5bf9\u9762\u7684\u7528\u7fc5\u8180\u56f4\u51fa\u4e00\u4e2a\u7a7a\u95f4\uff0c\u8fd9\u4e2a\u7a7a\u95f4\u5c31\u662f\u4ee3\u8868\u4e0a\u5e1d\u6240\u5728\u7684\u5730\u65b9\uff0c\u7ea6\u67dc\u653e\u5728\u54ea\u91cc\uff0c\u90a3\u4e2a\u5730\u65b9\u5c31\u4ee3\u8868\u6709\u795e\u7684\u540c\u5728\u3002\u7ea6\u67dc\u5728\u65e7\u7ea6\u65f6\u4ee3\u4ee5\u8272\u5217\u4eba\u7684\u5fc3\u76ee\u4e2d\uff0c\u5c31\u662f\u795e\u540c\u5728\u7684\u8c61\u5f81\u3002<\/p>","protected":false},"featured_media":2879,"comment_status":"open","ping_status":"closed","template":"","meta":[],"product_cat":[51],"product_tag":[],"_links":{"self":[{"href":"https:\/\/key2eternity.com\/zh_cn\/wp-json\/wp\/v2\/product\/2878"}],"collection":[{"href":"https:\/\/key2eternity.com\/zh_cn\/wp-json\/wp\/v2\/product"}],"about":[{"href":"https:\/\/key2eternity.com\/zh_cn\/wp-json\/wp\/v2\/types\/product"}],"replies":[{"embeddable":true,"href":"https:\/\/key2eternity.com\/zh_cn\/wp-json\/wp\/v2\/comments?post=2878"}],"version-history":[{"count":3,"href":"https:\/\/key2eternity.com\/zh_cn\/wp-json\/wp\/v2\/product\/2878\/revisions"}],"predecessor-version":[{"id":3223,"href":"https:\/\/key2eternity.com\/zh_cn\/wp-json\/wp\/v2\/product\/2878\/revisions\/3223"}],"wp:featuredmedia":[{"embeddable":true,"href":"https:\/\/key2eternity.com\/zh_cn\/wp-json\/wp\/v2\/media\/2879"}],"wp:attachment":[{"href":"https:\/\/key2eternity.com\/zh_cn\/wp-json\/wp\/v2\/media?parent=2878"}],"wp:term":[{"taxonomy":"product_cat","embeddable":true,"href":"https:\/\/key2eternity.com\/zh_cn\/wp-json\/wp\/v2\/product_cat?post=2878"},{"taxonomy":"product_tag","embeddable":true,"href":"https:\/\/key2eternity.com\/zh_cn\/wp-json\/wp\/v2\/product_tag?post=2878"}],"curies":[{"name":"wp","href":"https:\/\/api.w.org\/{rel}","templated":true}]}}